{"id":6383,"date":"2018-02-24T14:26:17","date_gmt":"2018-02-24T14:26:17","guid":{"rendered":"http:\/\/furnir.ba\/de\/?page_id=6383"},"modified":"2023-12-06T20:08:04","modified_gmt":"2023-12-06T20:08:04","slug":"vrste-spajanja","status":"publish","type":"page","link":"https:\/\/furnir.ba\/de\/vrste-spajanja\/","title":{"rendered":"Verbindungsarten:"},"content":{"rendered":"[vc_row type=&#8221;full_width_content&#8221; full_screen_row_position=&#8221;middle&#8221; equal_height=&#8221;yes&#8221; content_placement=&#8221;middle&#8221; bg_color=&#8221;#ffffff&#8221; scene_position=&#8221;center&#8221; text_color=&#8221;dark&#8221; text_align=&#8221;left&#8221; overlay_strength=&#8221;0.3&#8243;][vc_column column_padding=&#8221;padding-10-percent&#8221; column_padding_position=&#8221;all&#8221; background_color=&#8221;#f4f4f4&#8243; background_color_opacity=&#8221;1&#8243; background_hover_color_opacity=&#8221;1&#8243; column_shadow=&#8221;none&#8221; width=&#8221;1\/2&#8243; tablet_text_alignment=&#8221;default&#8221; phone_text_alignment=&#8221;default&#8221; column_border_width=&#8221;none&#8221; column_border_style=&#8221;solid&#8221;][vc_row_inner column_margin=&#8221;default&#8221; text_align=&#8221;left&#8221;][vc_column_inner enable_animation=&#8221;true&#8221; animation=&#8221;fade-in-from-bottom&#8221; column_padding=&#8221;no-extra-padding&#8221; column_padding_position=&#8221;all&#8221; background_color_opacity=&#8221;1&#8243; width=&#8221;1\/1&#8243; column_border_width=&#8221;none&#8221; column_border_style=&#8221;solid&#8221;][vc_custom_heading text=&#8221;Querverbindung zu hei\u00dfer Luft&#8221; font_container=&#8221;tag:h5|text_align:left|color:%23686868&#8243; use_theme_fonts=&#8221;yes&#8221; css=&#8221;.vc_custom_1527173409922{margin-bottom: 10px !important;}&#8221;][vc_custom_heading text=&#8221;Diese Methode wird haupts\u00e4chlich f\u00fcr die hochwertige Herstellung von Furnierverkleidungen verwendet. Furnierbl\u00e4tter werden einzeln in die Maschine eingegeben und diese Technologie sorgt f\u00fcr eine qualitativ hochwertige Verbindung und hohe Produktivit\u00e4t.&#8221; font_container=&#8221;tag:p|text_align:left|color:%23686868&#8243; use_theme_fonts=&#8221;yes&#8221;][\/vc_column_inner][\/vc_row_inner][\/vc_column][vc_column column_padding=&#8221;no-extra-padding&#8221; column_padding_position=&#8221;all&#8221; background_color_opacity=&#8221;1&#8243; background_hover_color_opacity=&#8221;1&#8243; background_image=&#8221;6871&#8243; enable_bg_scale=&#8221;true&#8221; column_shadow=&#8221;none&#8221; width=&#8221;1\/2&#8243; tablet_text_alignment=&#8221;default&#8221; phone_text_alignment=&#8221;default&#8221; column_border_width=&#8221;none&#8221; column_border_style=&#8221;solid&#8221;][\/vc_column][\/vc_row][vc_row type=&#8221;full_width_content&#8221; full_screen_row_position=&#8221;middle&#8221; equal_height=&#8221;yes&#8221; content_placement=&#8221;middle&#8221; scene_position=&#8221;center&#8221; text_color=&#8221;dark&#8221; text_align=&#8221;left&#8221; overlay_strength=&#8221;0.3&#8243;][vc_column column_padding=&#8221;no-extra-padding&#8221; column_padding_position=&#8221;all&#8221; background_color_opacity=&#8221;1&#8243; background_hover_color_opacity=&#8221;1&#8243; background_image=&#8221;6487&#8243; enable_bg_scale=&#8221;true&#8221; column_shadow=&#8221;none&#8221; width=&#8221;1\/2&#8243; tablet_text_alignment=&#8221;default&#8221; phone_text_alignment=&#8221;default&#8221; column_border_width=&#8221;none&#8221; column_border_style=&#8221;solid&#8221;][\/vc_column][vc_column column_padding=&#8221;padding-10-percent&#8221; column_padding_position=&#8221;all&#8221; background_color=&#8221;#ffffff&#8221; background_color_opacity=&#8221;1&#8243; background_hover_color_opacity=&#8221;1&#8243; column_shadow=&#8221;none&#8221; width=&#8221;1\/2&#8243; tablet_text_alignment=&#8221;default&#8221; phone_text_alignment=&#8221;default&#8221; column_border_width=&#8221;none&#8221; column_border_style=&#8221;solid&#8221;][vc_row_inner column_margin=&#8221;default&#8221; text_align=&#8221;left&#8221;][vc_column_inner enable_animation=&#8221;true&#8221; animation=&#8221;fade-in-from-bottom&#8221; column_padding=&#8221;no-extra-padding&#8221; column_padding_position=&#8221;all&#8221; background_color_opacity=&#8221;1&#8243; width=&#8221;1\/1&#8243; column_border_width=&#8221;none&#8221; column_border_style=&#8221;solid&#8221;][vc_custom_heading text=&#8221;L\u00e4ngeverbindung zu warmer Verbindung&#8221; font_container=&#8221;tag:h5|text_align:left|color:%23686868&#8243; use_theme_fonts=&#8221;yes&#8221; css=&#8221;.vc_custom_1527173452351{margin-bottom: 10px !important;}&#8221;][vc_custom_heading text=&#8221;Diese Methodewird in kleineren Serien von Furnierverkleidungen verwendet. Bietet eine hochwertige Verbindung und ist mit der Verkleidung w\u00e4hrend der Verbindung einfach zu handhaben. Furnierte Ummantelungen, die mit dieser Technologie verbunden sind, werden f\u00fcr die T\u00fcr- und Innenverkleidung verwendet.&#8221; font_container=&#8221;tag:p|text_align:left|color:%23686868&#8243; use_theme_fonts=&#8221;yes&#8221;][\/vc_column_inner][\/vc_row_inner][\/vc_column][\/vc_row][vc_row type=&#8221;full_width_content&#8221; full_screen_row_position=&#8221;middle&#8221; equal_height=&#8221;yes&#8221; content_placement=&#8221;middle&#8221; bg_color=&#8221;#ffffff&#8221; scene_position=&#8221;center&#8221; text_color=&#8221;dark&#8221; text_align=&#8221;left&#8221; overlay_strength=&#8221;0.3&#8243;][vc_column column_padding=&#8221;padding-10-percent&#8221; column_padding_position=&#8221;all&#8221; background_color=&#8221;#f4f4f4&#8243; background_color_opacity=&#8221;1&#8243; background_hover_color_opacity=&#8221;1&#8243; column_shadow=&#8221;none&#8221; width=&#8221;1\/2&#8243; tablet_text_alignment=&#8221;default&#8221; phone_text_alignment=&#8221;default&#8221; column_border_width=&#8221;none&#8221; column_border_style=&#8221;solid&#8221;][vc_row_inner column_margin=&#8221;default&#8221; text_align=&#8221;left&#8221;][vc_column_inner enable_animation=&#8221;true&#8221; animation=&#8221;fade-in-from-bottom&#8221; column_padding=&#8221;no-extra-padding&#8221; column_padding_position=&#8221;all&#8221; background_color_opacity=&#8221;1&#8243; width=&#8221;1\/1&#8243; column_border_width=&#8221;none&#8221; column_border_style=&#8221;solid&#8221;][vc_custom_heading text=&#8221;Verbindung zum Faden&#8221; font_container=&#8221;tag:h5|text_align:left|color:%23686868&#8243; use_theme_fonts=&#8221;yes&#8221; css=&#8221;.vc_custom_1527173483969{margin-bottom: 10px !important;}&#8221;][vc_custom_heading text=&#8221;iese Methode wird haupts\u00e4chlich f\u00fcr die C-Seite verwendet, die auf dem Produkt weniger sichtbar ist.&#8221; font_container=&#8221;tag:p|text_align:left|color:%23686868&#8243; use_theme_fonts=&#8221;yes&#8221;][\/vc_column_inner][\/vc_row_inner][\/vc_column][vc_column column_padding=&#8221;no-extra-padding&#8221; column_padding_position=&#8221;all&#8221; background_color_opacity=&#8221;1&#8243; background_hover_color_opacity=&#8221;1&#8243; background_image=&#8221;6488&#8243; enable_bg_scale=&#8221;true&#8221; column_shadow=&#8221;none&#8221; width=&#8221;1\/2&#8243; tablet_text_alignment=&#8221;default&#8221; phone_text_alignment=&#8221;default&#8221; column_border_width=&#8221;none&#8221; column_border_style=&#8221;solid&#8221;][\/vc_column][\/vc_row][vc_row type=&#8221;full_width_content&#8221; full_screen_row_position=&#8221;middle&#8221; equal_height=&#8221;yes&#8221; content_placement=&#8221;middle&#8221; scene_position=&#8221;center&#8221; text_color=&#8221;dark&#8221; text_align=&#8221;left&#8221; overlay_strength=&#8221;0.3&#8243;][vc_column column_padding=&#8221;no-extra-padding&#8221; column_padding_position=&#8221;all&#8221; background_color_opacity=&#8221;1&#8243; background_hover_color_opacity=&#8221;1&#8243; background_image=&#8221;6593&#8243; enable_bg_scale=&#8221;true&#8221; column_shadow=&#8221;none&#8221; width=&#8221;1\/2&#8243; tablet_text_alignment=&#8221;default&#8221; phone_text_alignment=&#8221;default&#8221; column_border_width=&#8221;none&#8221; column_border_style=&#8221;solid&#8221;][\/vc_column][vc_column column_padding=&#8221;padding-10-percent&#8221; column_padding_position=&#8221;all&#8221; background_color=&#8221;#ffffff&#8221; background_color_opacity=&#8221;1&#8243; background_hover_color_opacity=&#8221;1&#8243; column_shadow=&#8221;none&#8221; width=&#8221;1\/2&#8243; tablet_text_alignment=&#8221;default&#8221; phone_text_alignment=&#8221;default&#8221; column_border_width=&#8221;none&#8221; column_border_style=&#8221;solid&#8221;][vc_row_inner column_margin=&#8221;default&#8221; text_align=&#8221;left&#8221;][vc_column_inner enable_animation=&#8221;true&#8221; animation=&#8221;fade-in-from-bottom&#8221; column_padding=&#8221;no-extra-padding&#8221; column_padding_position=&#8221;all&#8221; background_color_opacity=&#8221;1&#8243; width=&#8221;1\/1&#8243; column_border_width=&#8221;none&#8221; column_border_style=&#8221;solid&#8221;][vc_custom_heading text=&#8221;L\u00e4ngenkopplung &#8211; Fingergelenk&#8221; font_container=&#8221;tag:h5|text_align:left|color:%23686868&#8243; use_theme_fonts=&#8221;yes&#8221; css=&#8221;.vc_custom_1527173523689{margin-bottom: 10px !important;}&#8221;][vc_custom_heading text=&#8221;Diese Art von Verbindung wird verwendet, um Kantstreifen herzustellen. Es wird auch zum Verbinden von Blindfurnieren und weniger sichtbaren Furnieren verwendet.&#8221; font_container=&#8221;tag:p|text_align:left|color:%23686868&#8243; use_theme_fonts=&#8221;yes&#8221;][\/vc_column_inner][\/vc_row_inner][\/vc_column][\/vc_row]\n","protected":false},"excerpt":{"rendered":"<p>[vc_row type=&#8221;full_width_content&#8221; full_screen_row_position=&#8221;middle&#8221; equal_height=&#8221;yes&#8221; content_placement=&#8221;middle&#8221; bg_color=&#8221;#ffffff&#8221; scene_position=&#8221;center&#8221; text_color=&#8221;dark&#8221; text_align=&#8221;left&#8221; overlay_strength=&#8221;0.3&#8243;][vc_column column_padding=&#8221;padding-10-percent&#8221; column_padding_position=&#8221;all&#8221; background_color=&#8221;#f4f4f4&#8243; background_color_opacity=&#8221;1&#8243; background_hover_color_opacity=&#8221;1&#8243;&#8230;<\/p>\n","protected":false},"author":1,"featured_media":0,"parent":0,"menu_order":0,"comment_status":"closed","ping_status":"closed","template":"","meta":[],"_links":{"self":[{"href":"https:\/\/furnir.ba\/de\/wp-json\/wp\/v2\/pages\/6383"}],"collection":[{"href":"https:\/\/furnir.ba\/de\/wp-json\/wp\/v2\/pages"}],"about":[{"href":"https:\/\/furnir.ba\/de\/wp-json\/wp\/v2\/types\/page"}],"author":[{"embeddable":true,"href":"https:\/\/furnir.ba\/de\/wp-json\/wp\/v2\/users\/1"}],"replies":[{"embeddable":true,"href":"https:\/\/furnir.ba\/de\/wp-json\/wp\/v2\/comments?post=6383"}],"version-history":[{"count":26,"href":"https:\/\/furnir.ba\/de\/wp-json\/wp\/v2\/pages\/6383\/revisions"}],"predecessor-version":[{"id":6918,"href":"https:\/\/furnir.ba\/de\/wp-json\/wp\/v2\/pages\/6383\/revisions\/6918"}],"wp:attachment":[{"href":"https:\/\/furnir.ba\/de\/wp-json\/wp\/v2\/media?parent=6383"}],"curies":[{"name":"wp","href":"https:\/\/api.w.org\/{rel}","templated":true}]}}