{"id":6515,"date":"2018-03-19T21:40:29","date_gmt":"2018-03-19T21:40:29","guid":{"rendered":"http:\/\/furnir.ba\/de\/?page_id=6515"},"modified":"2023-12-06T20:11:11","modified_gmt":"2023-12-06T20:11:11","slug":"tehnologija","status":"publish","type":"page","link":"https:\/\/furnir.ba\/de\/tehnologija\/","title":{"rendered":"Technologie"},"content":{"rendered":"[vc_row type=&#8221;full_width_background&#8221; full_screen_row_position=&#8221;middle&#8221; bg_image=&#8221;6877&#8243; bg_position=&#8221;center center&#8221; bg_repeat=&#8221;no-repeat&#8221; parallax_bg=&#8221;true&#8221; parallax_bg_speed=&#8221;fast&#8221; bg_color=&#8221;#ffffff&#8221; scene_position=&#8221;center&#8221; text_color=&#8221;light&#8221; text_align=&#8221;left&#8221; top_padding=&#8221;4%&#8221; bottom_padding=&#8221;4%&#8221; color_overlay=&#8221;#0a0a0a&#8221; overlay_strength=&#8221;0.5&#8243;][vc_column column_padding=&#8221;no-extra-padding&#8221; column_padding_position=&#8221;all&#8221; background_color_opacity=&#8221;1&#8243; background_hover_color_opacity=&#8221;1&#8243; column_shadow=&#8221;none&#8221; width=&#8221;1\/1&#8243; tablet_text_alignment=&#8221;default&#8221; phone_text_alignment=&#8221;default&#8221; column_border_width=&#8221;none&#8221; column_border_style=&#8221;solid&#8221;][vc_row_inner equal_height=&#8221;yes&#8221; content_placement=&#8221;middle&#8221; column_margin=&#8221;default&#8221; top_padding=&#8221;4%&#8221; bottom_padding=&#8221;4%&#8221; text_align=&#8221;left&#8221;][vc_column_inner enable_animation=&#8221;true&#8221; animation=&#8221;fade-in&#8221; column_padding=&#8221;no-extra-padding&#8221; column_padding_position=&#8221;all&#8221; background_color_opacity=&#8221;1&#8243; width=&#8221;1\/2&#8243; column_border_width=&#8221;none&#8221; column_border_style=&#8221;solid&#8221; offset=&#8221;vc_col-lg-6 vc_col-md-6 vc_col-xs-12&#8243;][vc_column_text css_animation=&#8221;fadeInUp&#8221; css=&#8221;.vc_custom_1522515916872{margin-bottom: 15px !important;}&#8221;]\n<h5>GoPack veneer<\/h5>\n[\/vc_column_text][split_line_heading]\n<h2>Technologie<\/h2>\n[\/split_line_heading][\/vc_column_inner][vc_column_inner column_padding=&#8221;no-extra-padding&#8221; column_padding_position=&#8221;all&#8221; background_color_opacity=&#8221;1&#8243; width=&#8221;1\/4&#8243; column_border_width=&#8221;none&#8221; column_border_style=&#8221;solid&#8221; offset=&#8221;vc_hidden-sm vc_hidden-xs&#8221;][vc_custom_heading text=&#8221; &#8221; google_fonts=&#8221;font_family:Roboto%3A100%2C100italic%2C300%2C300italic%2Cregular%2Citalic%2C500%2C500italic%2C700%2C700italic%2C900%2C900italic|font_style:100%20light%20regular%3A100%3Anormal&#8221;][\/vc_column_inner][vc_column_inner enable_animation=&#8221;true&#8221; animation=&#8221;fade-in-from-bottom&#8221; column_padding=&#8221;padding-6-percent&#8221; column_padding_position=&#8221;bottom&#8221; background_color_opacity=&#8221;1&#8243; width=&#8221;1\/4&#8243; column_border_width=&#8221;none&#8221; column_border_style=&#8221;solid&#8221; offset=&#8221;vc_col-xs-12&#8243;][\/vc_column_inner][\/vc_row_inner][vc_row_inner column_margin=&#8221;default&#8221; text_align=&#8221;left&#8221;][vc_column_inner enable_animation=&#8221;true&#8221; animation=&#8221;fade-in-from-bottom&#8221; column_padding=&#8221;padding-2-percent&#8221; column_padding_position=&#8221;top-bottom&#8221; background_color_opacity=&#8221;1&#8243; width=&#8221;1\/3&#8243; column_border_width=&#8221;none&#8221; column_border_style=&#8221;solid&#8221;][vc_column_text css_animation=&#8221;fadeInUp&#8221; css=&#8221;.vc_custom_1527536334164{margin-bottom: 15px !important;}&#8221;]\n<h5>Der erste Schritt<\/h5>\n[\/vc_column_text][vc_custom_heading text=&#8221;Der erste Schritt ist die Auswahl eines Spulenfurniers in Bezug auf Abmessungen, Qualit\u00e4t, Farbauswahl und Furnierstruktur, ganz nach den Kundenanforderungen.&#8221; font_container=&#8221;tag:p|text_align:left|color:rgba(255%2C255%2C255%2C0.65)&#8221; use_theme_fonts=&#8221;yes&#8221; css_animation=&#8221;fadeInUp&#8221; css=&#8221;.vc_custom_1527536307679{padding-right: 20% !important;}&#8221;][\/vc_column_inner][vc_column_inner enable_animation=&#8221;true&#8221; animation=&#8221;fade-in-from-bottom&#8221; column_padding=&#8221;padding-2-percent&#8221; column_padding_position=&#8221;top-bottom&#8221; background_color_opacity=&#8221;1&#8243; width=&#8221;1\/3&#8243; column_border_width=&#8221;none&#8221; column_border_style=&#8221;solid&#8221;][vc_column_text css_animation=&#8221;fadeInUp&#8221; css=&#8221;.vc_custom_1527536367658{margin-bottom: 15px !important;}&#8221;]\n<h5>Der zweite Schritt<\/h5>\n[\/vc_column_text][vc_custom_heading text=&#8221;Der zweite Schritt ist das Schneiden der L\u00e4nge und Breite Furnier.&#8221; font_container=&#8221;tag:p|text_align:left|color:rgba(255%2C255%2C255%2C0.65)&#8221; use_theme_fonts=&#8221;yes&#8221; css_animation=&#8221;fadeInUp&#8221; css=&#8221;.vc_custom_1527536383839{padding-right: 20% !important;}&#8221;][\/vc_column_inner][vc_column_inner enable_animation=&#8221;true&#8221; animation=&#8221;fade-in-from-bottom&#8221; column_padding=&#8221;padding-2-percent&#8221; column_padding_position=&#8221;top-bottom&#8221; background_color_opacity=&#8221;1&#8243; width=&#8221;1\/3&#8243; column_border_width=&#8221;none&#8221; column_border_style=&#8221;solid&#8221;][vc_column_text css_animation=&#8221;fadeInUp&#8221; css=&#8221;.vc_custom_1527536420797{margin-bottom: 15px !important;}&#8221;]\n<h5>Dritter Schritt<\/h5>\n[\/vc_column_text][vc_custom_heading text=&#8221;Auftragen von Klebstoffen auf die R\u00e4nder des Furniers und Verbinden der Bl\u00e4tter in den Schalenformationen.<br \/>\n&#8221; font_container=&#8221;tag:p|text_align:left|color:rgba(255%2C255%2C255%2C0.65)&#8221; use_theme_fonts=&#8221;yes&#8221; css_animation=&#8221;fadeInUp&#8221; css=&#8221;.vc_custom_1527536427990{padding-right: 20% !important;}&#8221;][\/vc_column_inner][\/vc_row_inner][vc_row_inner column_margin=&#8221;default&#8221; text_align=&#8221;left&#8221;][vc_column_inner enable_animation=&#8221;true&#8221; animation=&#8221;fade-in-from-bottom&#8221; column_padding=&#8221;padding-2-percent&#8221; column_padding_position=&#8221;top-bottom&#8221; background_color_opacity=&#8221;1&#8243; width=&#8221;1\/3&#8243; column_border_width=&#8221;none&#8221; column_border_style=&#8221;solid&#8221;][vc_column_text css_animation=&#8221;fadeInUp&#8221; css=&#8221;.vc_custom_1527536457032{margin-bottom: 15px !important;}&#8221;]\n<h5>Vierter Schritt<\/h5>\n[\/vc_column_text][vc_custom_heading text=&#8221;Das Furnier deckt die exakte L\u00e4nge des Furniers ab und verst\u00e4rkt die R\u00e4nder des Furniers mit Band oder Faden.&#8221; font_container=&#8221;tag:p|text_align:left|color:rgba(255%2C255%2C255%2C0.65)&#8221; use_theme_fonts=&#8221;yes&#8221; css_animation=&#8221;fadeInUp&#8221; css=&#8221;.vc_custom_1527536463822{padding-right: 20% !important;}&#8221;][\/vc_column_inner][vc_column_inner enable_animation=&#8221;true&#8221; animation=&#8221;fade-in-from-bottom&#8221; column_padding=&#8221;padding-2-percent&#8221; column_padding_position=&#8221;top-bottom&#8221; background_color_opacity=&#8221;1&#8243; width=&#8221;1\/3&#8243; column_border_width=&#8221;none&#8221; column_border_style=&#8221;solid&#8221;][vc_column_text css_animation=&#8221;fadeInUp&#8221; css=&#8221;.vc_custom_1527536499504{margin-bottom: 15px !important;}&#8221;]\n<h5>F\u00fcnfter Schritt<\/h5>\n[\/vc_column_text][vc_custom_heading text=&#8221;Kontrolle aller angeschlossenen Furniere um 100%.&#8221; font_container=&#8221;tag:p|text_align:left|color:rgba(255%2C255%2C255%2C0.65)&#8221; use_theme_fonts=&#8221;yes&#8221; css_animation=&#8221;fadeInUp&#8221; css=&#8221;.vc_custom_1527536511747{padding-right: 20% !important;}&#8221;][\/vc_column_inner][vc_column_inner enable_animation=&#8221;true&#8221; animation=&#8221;fade-in-from-bottom&#8221; column_padding=&#8221;padding-2-percent&#8221; column_padding_position=&#8221;top-bottom&#8221; background_color_opacity=&#8221;1&#8243; width=&#8221;1\/3&#8243; column_border_width=&#8221;none&#8221; column_border_style=&#8221;solid&#8221;][vc_column_text css_animation=&#8221;fadeInUp&#8221; css=&#8221;.vc_custom_1527536536967{margin-bottom: 15px !important;}&#8221;]\n<h5>Sechster Schritt<\/h5>\n[\/vc_column_text][vc_custom_heading text=&#8221;Verpackung auf Europaletten gesch\u00fctzt mit Karton, Stretchfolie und PP-Streifen.&#8221; font_container=&#8221;tag:p|text_align:left|color:rgba(255%2C255%2C255%2C0.65)&#8221; use_theme_fonts=&#8221;yes&#8221; css_animation=&#8221;fadeInUp&#8221; css=&#8221;.vc_custom_1527536546562{padding-right: 20% !important;}&#8221;][\/vc_column_inner][\/vc_row_inner][\/vc_column][\/vc_row]\n","protected":false},"excerpt":{"rendered":"<p>[vc_row type=&#8221;full_width_background&#8221; full_screen_row_position=&#8221;middle&#8221; bg_image=&#8221;6877&#8243; bg_position=&#8221;center center&#8221; bg_repeat=&#8221;no-repeat&#8221; parallax_bg=&#8221;true&#8221; parallax_bg_speed=&#8221;fast&#8221; bg_color=&#8221;#ffffff&#8221; scene_position=&#8221;center&#8221; text_color=&#8221;light&#8221; text_align=&#8221;left&#8221; top_padding=&#8221;4%&#8221; bottom_padding=&#8221;4%&#8221;&#8230;<\/p>\n","protected":false},"author":1,"featured_media":0,"parent":0,"menu_order":0,"comment_status":"closed","ping_status":"closed","template":"","meta":[],"_links":{"self":[{"href":"https:\/\/furnir.ba\/de\/wp-json\/wp\/v2\/pages\/6515"}],"collection":[{"href":"https:\/\/furnir.ba\/de\/wp-json\/wp\/v2\/pages"}],"about":[{"href":"https:\/\/furnir.ba\/de\/wp-json\/wp\/v2\/types\/page"}],"author":[{"embeddable":true,"href":"https:\/\/furnir.ba\/de\/wp-json\/wp\/v2\/users\/1"}],"replies":[{"embeddable":true,"href":"https:\/\/furnir.ba\/de\/wp-json\/wp\/v2\/comments?post=6515"}],"version-history":[{"count":26,"href":"https:\/\/furnir.ba\/de\/wp-json\/wp\/v2\/pages\/6515\/revisions"}],"predecessor-version":[{"id":6919,"href":"https:\/\/furnir.ba\/de\/wp-json\/wp\/v2\/pages\/6515\/revisions\/6919"}],"wp:attachment":[{"href":"https:\/\/furnir.ba\/de\/wp-json\/wp\/v2\/media?parent=6515"}],"curies":[{"name":"wp","href":"https:\/\/api.w.org\/{rel}","templated":true}]}}